{"id":4373,"date":"2026-05-15T12:50:14","date_gmt":"2026-05-15T12:50:14","guid":{"rendered":"https:\/\/chirostbruno.com\/fr\/?page_id=4373"},"modified":"2026-05-15T12:52:33","modified_gmt":"2026-05-15T12:52:33","slug":"dre-victoria-duggan-vandal-chiropraticienne","status":"publish","type":"page","link":"https:\/\/chirostbruno.com\/fr\/dre-victoria-duggan-vandal-chiropraticienne\/","title":{"rendered":"Dre Victoria Duggan-Vandal, chiropraticienne"},"content":{"rendered":"<style>.kb-row-layout-id4373_9069e8-65 > .kt-row-column-wrap{align-content:start;}:where(.kb-row-layout-id4373_9069e8-65 > .kt-row-column-wrap) > .wp-block-kadence-column{justify-content:start;}.kb-row-layout-id4373_9069e8-65 > .kt-row-column-wrap{column-gap:var(--global-kb-gap-lg, 4rem);row-gap:var(--global-kb-gap-md, 2rem);padding-top:var(--global-kb-spacing-sm, 1.5rem);padding-bottom:var(--global-kb-spacing-sm, 1.5rem);grid-template-columns:repeat(2, minmax(0, 1fr));}.kb-row-layout-id4373_9069e8-65 > .kt-row-layout-overlay{opacity:0.30;}@media all and (max-width: 1024px){.kb-row-layout-id4373_9069e8-65 > .kt-row-column-wrap{grid-template-columns:repeat(2, minmax(0, 1fr));}}@media all and (max-width: 767px){.kb-row-layout-id4373_9069e8-65 > .kt-row-column-wrap{grid-template-columns:minmax(0, 1fr);}}<\/style><div class=\"kb-row-layout-wrap kb-row-layout-id4373_9069e8-65 alignnone wp-block-kadence-rowlayout\"><div class=\"kt-row-column-wrap kt-has-2-columns kt-row-layout-equal kt-tab-layout-inherit kt-mobile-layout-row kt-row-valign-top\">\n<style>.kadence-column4373_c66002-98 > .kt-inside-inner-col,.kadence-column4373_c66002-98 > .kt-inside-inner-col:before{border-top-left-radius:0px;border-top-right-radius:0px;border-bottom-right-radius:0px;border-bottom-left-radius:0px;}.kadence-column4373_c66002-98 > .kt-inside-inner-col{column-gap:var(--global-kb-gap-sm, 1rem);}.kadence-column4373_c66002-98 > .kt-inside-inner-col{flex-direction:column;}.kadence-column4373_c66002-98 > .kt-inside-inner-col > .aligncenter{width:100%;}.kadence-column4373_c66002-98 > .kt-inside-inner-col:before{opacity:0.3;}.kadence-column4373_c66002-98{position:relative;}@media all and (max-width: 1024px){.kadence-column4373_c66002-98 > .kt-inside-inner-col{flex-direction:column;justify-content:center;}}@media all and (max-width: 767px){.kadence-column4373_c66002-98 > .kt-inside-inner-col{flex-direction:column;justify-content:center;}}<\/style>\n<div class=\"wp-block-kadence-column kadence-column4373_c66002-98\"><div class=\"kt-inside-inner-col\"><style>.wp-block-kadence-advancedheading.kt-adv-heading4373_67cef5-fe, .wp-block-kadence-advancedheading.kt-adv-heading4373_67cef5-fe[data-kb-block=\"kb-adv-heading4373_67cef5-fe\"]{font-style:normal;}.wp-block-kadence-advancedheading.kt-adv-heading4373_67cef5-fe mark.kt-highlight, .wp-block-kadence-advancedheading.kt-adv-heading4373_67cef5-fe[data-kb-block=\"kb-adv-heading4373_67cef5-fe\"] mark.kt-highlight{font-style:normal;color:#f76a0c;-webkit-box-decoration-break:clone;box-decoration-break:clone;padding-top:0px;padding-right:0px;padding-bottom:0px;padding-left:0px;}.wp-block-kadence-advancedheading.kt-adv-heading4373_67cef5-fe img.kb-inline-image, .wp-block-kadence-advancedheading.kt-adv-heading4373_67cef5-fe[data-kb-block=\"kb-adv-heading4373_67cef5-fe\"] img.kb-inline-image{width:150px;vertical-align:baseline;}<\/style>\n<h2 class=\"kt-adv-heading4373_67cef5-fe wp-block-kadence-advancedheading\" data-kb-block=\"kb-adv-heading4373_67cef5-fe\">Dre Victoria Duggan-Vandal, chiropraticienne<\/h2>\n\n\n\n<p>Originaire de la Rive-Sud, Dre Victoria Duggan-Vandal, chiropraticienne, est heureuse de revenir pratiquer dans la r\u00e9gion apr\u00e8s plusieurs ann\u00e9es d\u2019\u00e9tudes \u00e0 l\u2019Universit\u00e9 du Qu\u00e9bec \u00e0 Trois-Rivi\u00e8res. Elle souhaite contribuer activement \u00e0 la sant\u00e9 et au bien-\u00eatre des gens de sa r\u00e9gion. Elle aime accompagner les familles \u00e0 toutes les \u00e9tapes de leur vie, avec des techniques diversifi\u00e9es. Elle croit fermement que la chiropratique peut avoir un impact positif, tant en pr\u00e9vention qu\u2019en traitement, afin de favoriser une qualit\u00e9 de vie optimale et durable.<\/p>\n\n\n\n<p>Au cours de son doctorat, Victoria a approfondi ses comp\u00e9tences en travaillant aupr\u00e8s d\u2019une client\u00e8le vari\u00e9e, dans un environnement clinique interdisciplinaire. Son implication aupr\u00e8s de l\u2019\u00e9quipe de volleyball f\u00e9minin division 1 des Patriotes de l\u2019UQTR lui a permis de jumeler sa passion pour le sport avec sa pratique, en collaborant avec les athl\u00e8tes pour pr\u00e9venir les blessures et optimiser leur performance.<\/p>\n\n\n\n<p>Elle-m\u00eame ancienne joueuse de volleyball, ce sport lui a transmis des valeurs qu\u2019elle applique au quotidien dans sa pratique : l\u2019\u00e9quilibre, la pers\u00e9v\u00e9rance et le travail d\u2019\u00e9quipe. Elle accorde une grande importance \u00e0 l\u2019\u00e9coute, \u00e0 l\u2019adaptation des soins et \u00e0 l\u2019\u00e9tablissement d\u2019un lien de confiance avec ses patients. Victoria entame ce nouveau chapitre avec enthousiasme, d\u00e9termin\u00e9e \u00e0 offrir des soins chiropratiques de qualit\u00e9.<\/p>\n<\/div><\/div>\n\n\n<style>.kadence-column4373_9b3983-97 > .kt-inside-inner-col,.kadence-column4373_9b3983-97 > .kt-inside-inner-col:before{border-top-left-radius:0px;border-top-right-radius:0px;border-bottom-right-radius:0px;border-bottom-left-radius:0px;}.kadence-column4373_9b3983-97 > .kt-inside-inner-col{column-gap:var(--global-kb-gap-sm, 1rem);}.kadence-column4373_9b3983-97 > .kt-inside-inner-col{flex-direction:column;}.kadence-column4373_9b3983-97 > .kt-inside-inner-col > .aligncenter{width:100%;}.kadence-column4373_9b3983-97 > .kt-inside-inner-col:before{opacity:0.3;}.kadence-column4373_9b3983-97{position:relative;}@media all and (max-width: 1024px){.kadence-column4373_9b3983-97 > .kt-inside-inner-col{flex-direction:column;justify-content:center;}}@media all and (max-width: 767px){.kadence-column4373_9b3983-97 > .kt-inside-inner-col{flex-direction:column;justify-content:center;}}<\/style>\n<div class=\"wp-block-kadence-column kadence-column4373_9b3983-97\"><div class=\"kt-inside-inner-col\"><style>.kb-image4373_88863b-35 .kb-image-has-overlay:after{opacity:0.3;}<\/style>\n<figure class=\"wp-block-kadence-image kb-image4373_88863b-35 size-large\"><img decoding=\"async\" width=\"768\" height=\"1024\" src=\"https:\/\/chirostbruno.com\/fr\/wp-content\/uploads\/2026\/05\/Messenger_creation_F0F5F68D-569E-40CB-91B4-1BB9BF5CA55D-768x1024.jpeg\" alt=\"\" class=\"kb-img wp-image-4375\" srcset=\"https:\/\/chirostbruno.com\/fr\/wp-content\/uploads\/2026\/05\/Messenger_creation_F0F5F68D-569E-40CB-91B4-1BB9BF5CA55D-768x1024.jpeg 768w, https:\/\/chirostbruno.com\/fr\/wp-content\/uploads\/2026\/05\/Messenger_creation_F0F5F68D-569E-40CB-91B4-1BB9BF5CA55D-225x300.jpeg 225w, https:\/\/chirostbruno.com\/fr\/wp-content\/uploads\/2026\/05\/Messenger_creation_F0F5F68D-569E-40CB-91B4-1BB9BF5CA55D-1152x1536.jpeg 1152w, https:\/\/chirostbruno.com\/fr\/wp-content\/uploads\/2026\/05\/Messenger_creation_F0F5F68D-569E-40CB-91B4-1BB9BF5CA55D.jpeg 1536w\" sizes=\"(max-width: 768px) 100vw, 768px\" \/><\/figure>\n<\/div><\/div>\n\n<\/div><\/div>","protected":false},"excerpt":{"rendered":"<p>Dre Victoria Duggan-Vandal, chiropraticienne Originaire de la Rive-Sud, Dre Victoria Duggan-Vandal, chiropraticienne, est heureuse de revenir pratiquer dans la r\u00e9gion apr\u00e8s plusieurs ann\u00e9es d\u2019\u00e9tudes \u00e0 l\u2019Universit\u00e9 du Qu\u00e9bec \u00e0 Trois-Rivi\u00e8res. Elle souhaite contribuer activement \u00e0 la sant\u00e9 et au bien-\u00eatre des gens de sa r\u00e9gion. Elle aime accompagner les familles \u00e0 toutes les \u00e9tapes de&#8230;<\/p>\n","protected":false},"author":1,"featured_media":0,"parent":0,"menu_order":0,"comment_status":"closed","ping_status":"closed","template":"","meta":{"_kadence_starter_templates_imported_post":false,"_kad_post_transparent":"","_kad_post_title":"","_kad_post_layout":"","_kad_post_sidebar_id":"","_kad_post_content_style":"","_kad_post_vertical_padding":"","_kad_post_feature":"","_kad_post_feature_position":"","_kad_post_header":false,"_kad_post_footer":false,"_kad_post_classname":"","footnotes":""},"class_list":["post-4373","page","type-page","status-publish","hentry"],"_links":{"self":[{"href":"https:\/\/chirostbruno.com\/fr\/wp-json\/wp\/v2\/pages\/4373","targetHints":{"allow":["GET"]}}],"collection":[{"href":"https:\/\/chirostbruno.com\/fr\/wp-json\/wp\/v2\/pages"}],"about":[{"href":"https:\/\/chirostbruno.com\/fr\/wp-json\/wp\/v2\/types\/page"}],"author":[{"embeddable":true,"href":"https:\/\/chirostbruno.com\/fr\/wp-json\/wp\/v2\/users\/1"}],"replies":[{"embeddable":true,"href":"https:\/\/chirostbruno.com\/fr\/wp-json\/wp\/v2\/comments?post=4373"}],"version-history":[{"count":2,"href":"https:\/\/chirostbruno.com\/fr\/wp-json\/wp\/v2\/pages\/4373\/revisions"}],"predecessor-version":[{"id":4377,"href":"https:\/\/chirostbruno.com\/fr\/wp-json\/wp\/v2\/pages\/4373\/revisions\/4377"}],"wp:attachment":[{"href":"https:\/\/chirostbruno.com\/fr\/wp-json\/wp\/v2\/media?parent=4373"}],"curies":[{"name":"wp","href":"https:\/\/api.w.org\/{rel}","templated":true}]}}